{"id":8,"date":"2014-06-14T17:51:02","date_gmt":"2014-06-14T15:51:02","guid":{"rendered":"http:\/\/www.kamenicna.eu\/?page_id=8"},"modified":"2025-02-20T14:42:42","modified_gmt":"2025-02-20T12:42:42","slug":"uvod","status":"publish","type":"page","link":"https:\/\/www.kamenicna.eu\/","title":{"rendered":""},"content":{"rendered":"<p style=\"text-align: center;\"><strong><span style=\"color: #000000;\">V\u00edtajte na ofici\u00e1lnej str\u00e1nke obci Kameni\u010dn\u00e1! \/ \u00dcdv\u00f6z\u00f6lj\u00fck Keszegfalva k\u00f6zs\u00e9g honlapj\u00e1n!<\/span><\/strong><\/p>\n<p style=\"text-align: center;\"><span style=\"color: #000000;\">Vyberte pros\u00edm jazykov\u00fa verziu! \/ K\u00e9rj\u00fck v\u00e1lasszon nyelvet!<\/span><\/p>\n<p style=\"text-align: center;\"><a href=\"https:\/\/sk.kamenicna.eu\/\" target=\"_blank\" rel=\"noopener\"><img loading=\"lazy\" decoding=\"async\" class=\"aligncenter  wp-image-23\" title=\"VSTUP\" src=\"http:\/\/www.kamenicna.eu\/wp-content\/uploads\/2014\/06\/sk_vlajka-300x180.jpg\" alt=\"sk_vlajka\" width=\"181\" height=\"108\" srcset=\"https:\/\/www.kamenicna.eu\/wp-content\/uploads\/2014\/06\/sk_vlajka-300x180.jpg 300w, https:\/\/www.kamenicna.eu\/wp-content\/uploads\/2014\/06\/sk_vlajka.jpg 500w\" sizes=\"(max-width: 181px) 100vw, 181px\" \/><\/a><a href=\"https:\/\/hu.kamenicna.eu\/\"><img loading=\"lazy\" decoding=\"async\" class=\"aligncenter  wp-image-27\" title=\"BEL\u00c9P\u00c9S\" src=\"http:\/\/www.kamenicna.eu\/wp-content\/uploads\/2014\/06\/HU_z\u00e1szl\u00f3-300x180.jpg\" alt=\"HU_z\u00e1szl\u00f3\" width=\"181\" height=\"108\" srcset=\"https:\/\/www.kamenicna.eu\/wp-content\/uploads\/2014\/06\/HU_z\u00e1szl\u00f3-300x180.jpg 300w, https:\/\/www.kamenicna.eu\/wp-content\/uploads\/2014\/06\/HU_z\u00e1szl\u00f3.jpg 500w\" sizes=\"(max-width: 181px) 100vw, 181px\" \/><\/a><\/p>\n","protected":false},"excerpt":{"rendered":"<p>V\u00edtajte na ofici\u00e1lnej str\u00e1nke obci Kameni\u010dn\u00e1! \/ \u00dcdv\u00f6z\u00f6lj\u00fck Keszegfalva k\u00f6zs\u00e9g honlapj\u00e1n! Vyberte pros\u00edm jazykov\u00fa verziu! \/ K\u00e9rj\u00fck v\u00e1lasszon nyelvet!<\/p>\n","protected":false},"author":1,"featured_media":0,"parent":0,"menu_order":0,"comment_status":"closed","ping_status":"closed","template":"onecolumn-page.php","meta":{"footnotes":""},"_links":{"self":[{"href":"https:\/\/www.kamenicna.eu\/index.php?rest_route=\/wp\/v2\/pages\/8"}],"collection":[{"href":"https:\/\/www.kamenicna.eu\/index.php?rest_route=\/wp\/v2\/pages"}],"about":[{"href":"https:\/\/www.kamenicna.eu\/index.php?rest_route=\/wp\/v2\/types\/page"}],"author":[{"embeddable":true,"href":"https:\/\/www.kamenicna.eu\/index.php?rest_route=\/wp\/v2\/users\/1"}],"replies":[{"embeddable":true,"href":"https:\/\/www.kamenicna.eu\/index.php?rest_route=%2Fwp%2Fv2%2Fcomments&post=8"}],"version-history":[{"count":29,"href":"https:\/\/www.kamenicna.eu\/index.php?rest_route=\/wp\/v2\/pages\/8\/revisions"}],"predecessor-version":[{"id":88,"href":"https:\/\/www.kamenicna.eu\/index.php?rest_route=\/wp\/v2\/pages\/8\/revisions\/88"}],"wp:attachment":[{"href":"https:\/\/www.kamenicna.eu\/index.php?rest_route=%2Fwp%2Fv2%2Fmedia&parent=8"}],"curies":[{"name":"wp","href":"https:\/\/api.w.org\/{rel}","templated":true}]}}